{"id":174,"date":"2024-08-15T16:15:06","date_gmt":"2024-08-15T16:15:06","guid":{"rendered":"https:\/\/hebamme-jelena.at\/?page_id=174"},"modified":"2024-08-15T16:15:06","modified_gmt":"2024-08-15T16:15:06","slug":"leistungen2","status":"publish","type":"page","link":"https:\/\/hebamme-jelena.at\/?page_id=174","title":{"rendered":"Leistungen2"},"content":{"rendered":"\n<h2 class=\"wp-block-heading\">Moxen<\/h2>\n\n\n\n<hr class=\"wp-block-separator has-alpha-channel-opacity is-style-wide\"\/>\n\n\n\n<p><strong>Moxen: Unterst\u00fctzung bei der Korrektur der Kindslage<\/strong><\/p>\n\n\n\n<p>Moxen ist eine traditionelle Methode aus der chinesischen Medizin, die seit Jahrhunderten zur F\u00f6rderung des Wohlbefindens und zur Behandlung verschiedener Beschwerden eingesetzt wird. Bei dieser Technik wird getrocknetes Beifu\u00dfkraut (Moxa) \u00fcber Akupunkturpunkten erw\u00e4rmt, um den Energiefluss im K\u00f6rper zu stimulieren und Heilungsprozesse zu unterst\u00fctzen. In der Schwangerschaft hat sich Moxen insbesondere zur Korrektur der Kindslage bew\u00e4hrt. Insbesondere, wenn dein Kind noch in Beckenendlage (Stei\u00dflage) liegt, kann Moxen helfen, die Drehung in die Sch\u00e4dellage zu f\u00f6rdern.<\/p>\n\n\n\n<details class=\"wp-block-details is-layout-flow wp-block-details-is-layout-flow\"><summary>Wie funktioniert das Moxen?<\/summary>\n<p>Beim Moxen wird eine Moxa-Zigarre, die aus getrocknetem Beifu\u00dfkraut besteht, nahe an den kleinen Zeh gehalten, insbesondere an den Akupunkturpunkt BL67. Die angenehme W\u00e4rme und die Stimulation dieses Punktes regen den Energiefluss an und k\u00f6nnen deinem Baby helfen, sich in die ideale Geburtsposition zu drehen. Die Anwendung erfolgt in einer ruhigen und entspannten Umgebung und ist f\u00fcr dich und dein Baby vollkommen sicher.<\/p>\n<\/details>\n\n\n\n<details class=\"wp-block-details is-layout-flow wp-block-details-is-layout-flow\"><summary>Wie funktioniert das Moxen?<\/summary>\n<p>Beim Moxen wird eine Moxa-Zigarre, die aus getrocknetem Beifu\u00dfkraut besteht, nahe an den kleinen Zeh gehalten, insbesondere an den Akupunkturpunkt BL67. Die angenehme W\u00e4rme und die Stimulation dieses Punktes regen den Energiefluss an und k\u00f6nnen deinem Baby helfen, sich in die ideale Geburtsposition zu drehen. Die Anwendung erfolgt in einer ruhigen und entspannten Umgebung und ist f\u00fcr dich und dein Baby vollkommen sicher.<\/p>\n<\/details>\n\n\n\n<details class=\"wp-block-details is-layout-flow wp-block-details-is-layout-flow\"><summary>Wie funktioniert das Moxen?<\/summary>\n<p>Beim Moxen wird eine Moxa-Zigarre, die aus getrocknetem Beifu\u00dfkraut besteht, nahe an den kleinen Zeh gehalten, insbesondere an den Akupunkturpunkt BL67. Die angenehme W\u00e4rme und die Stimulation dieses Punktes regen den Energiefluss an und k\u00f6nnen deinem Baby helfen, sich in die ideale Geburtsposition zu drehen. Die Anwendung erfolgt in einer ruhigen und entspannten Umgebung und ist f\u00fcr dich und dein Baby vollkommen sicher.<\/p>\n<\/details>\n\n\n\n<details class=\"wp-block-details is-layout-flow wp-block-details-is-layout-flow\"><summary>Wie funktioniert das Moxen?<\/summary>\n<p>Beim Moxen wird eine Moxa-Zigarre, die aus getrocknetem Beifu\u00dfkraut besteht, nahe an den kleinen Zeh gehalten, insbesondere an den Akupunkturpunkt BL67. Die angenehme W\u00e4rme und die Stimulation dieses Punktes regen den Energiefluss an und k\u00f6nnen deinem Baby helfen, sich in die ideale Geburtsposition zu drehen. Die Anwendung erfolgt in einer ruhigen und entspannten Umgebung und ist f\u00fcr dich und dein Baby vollkommen sicher.<\/p>\n<\/details>\n\n\n\n<h2 class=\"wp-block-heading\">Geburtsvorbereitungskurs<\/h2>\n\n\n\n<hr class=\"wp-block-separator has-alpha-channel-opacity is-style-wide\"\/>\n\n\n\n<p>Geburtsvorbereitungskurs f\u00fcr Paare: Gemeinsam gut vorbereitet<\/p>\n\n\n\n<p class=\"has-primary-color has-text-color has-link-color wp-elements-2876330fb25645a24b3d0ec3eb931c93\">Die Geburt eines Kindes ist ein einmaliges und pr\u00e4gendes Erlebnis im Leben werdender Eltern. Eine gr\u00fcndliche Geburtsvorbereitung hilft, Unsicherheiten abzubauen, Vertrauen in den eigenen K\u00f6rper zu st\u00e4rken und auf die Herausforderungen, die vor euch liegen, vorbereitet zu sein. Gemeinsam mit eurem Partner k\u00f6nnt ihr durch meinen intensiv Geburtsvorbereitungskurs nicht nur wertvolles Wissen erwerben, sondern auch praktische Fertigkeiten und Techniken erlernen, die euch w\u00e4hrend der Geburt und in den ersten Wochen als frischgebackene Eltern mit eurem Baby unterst\u00fctzen.<\/p>\n\n\n\n<p class=\"has-primary-color has-text-color has-link-color wp-elements-effb53c498ff90f3fad3ddb2885e4734\"><strong>Kursinhalte im \u00dcberblick<\/strong>:<\/p>\n\n\n\n<ul class=\"wp-block-list\">\n<li><strong>Ende der Schwangerschaft:<\/strong> Was passiert in den letzten Wochen vor der Geburt, und wie k\u00f6nnt ihr euch k\u00f6rperlich und mental auf die Geburt vorbereiten?<\/li>\n\n\n\n<li><strong>Geburtsbeginn:<\/strong> Anzeichen und Signale, die auf den bevorstehenden Geburtsbeginn hindeuten \u2013 wann ist der richtige Zeitpunkt, um ins Krankenhaus zu fahren?<\/li>\n\n\n\n<li><strong>Schmerzbew\u00e4ltigung:<\/strong> M\u00f6glichkeiten der Schmerzbew\u00e4ltigung, von alternativen Methoden bis hin zu evidenzbasierter Medizin. Wir besprechen, was euch w\u00e4hrend der Geburt helfen kann.<\/li>\n\n\n\n<li><strong>Die Geburt selbst:<\/strong> Ein tiefer Einblick in die Mechanik und den Ablauf der Geburt sowie die verschiedenen Phasen, die ihr durchlaufen werdet.<\/li>\n\n\n\n<li><strong>Die Rolle des Partners:<\/strong> Wie kann der Partner aktiv unterst\u00fctzen, sowohl zuhause als auch im Krei\u00dfsaal? Wir sprechen \u00fcber die wichtige Rolle, die der Partner w\u00e4hrend der Geburt spielt.<\/li>\n\n\n\n<li><strong>Geburtspositionen:<\/strong> Welche Positionen sind f\u00fcr die Geburt am besten geeignet, und wie k\u00f6nnen sie den Geburtsverlauf positiv beeinflussen?<\/li>\n\n\n\n<li><strong>Interventionen im Krei\u00dfsaal:<\/strong> Wir besprechen m\u00f6gliche medizinische Interventionen, damit ihr wisst, was auf euch zukommen kann und wie ihr informierte Entscheidungen trefft.<\/li>\n\n\n\n<li><strong>Das Wochenbett:<\/strong> Wie ihr euch auf die erste Zeit nach der Geburt vorbereitet und was ihr beachten solltet, um diese Phase gut zu meistern.<\/li>\n\n\n\n<li><strong>Stillen oder Fl\u00e4schchen Ern\u00e4hrung:<\/strong> Je nach eurem Bedarf sprechen wir \u00fcber die unterschiedlichen M\u00f6glichkeiten der S\u00e4uglingsern\u00e4hrung und wie ihr euch auf das F\u00fcttern eures Babys vorbereitet.<\/li>\n\n\n\n<li><strong>Die Rolle des Partners als Wochenbettmanager:<\/strong> Wie der Partner in den ersten Wochen nach der Geburt unterst\u00fctzen kann, um einen reibungslosen Ablauf zu gew\u00e4hrleisten und das Wohlbefinden der Mutter zu f\u00f6rdern.<\/li>\n\n\n\n<li><strong>Neugeborenenpflege:<\/strong> Praktische \u00dcbungen wie das Wickeln und die Hautpflege eures Babys \u2013 so seid ihr bestens auf die ersten Tage und Wochen vorbereitet.<\/li>\n<\/ul>\n\n\n\n<p class=\"has-primary-color has-text-color has-link-color wp-elements-b5898c7be4fd880af4949c5fa0e37298\"><strong>Individuelle Fragen und Anliegen<\/strong><br>Falls ihr zu einem bestimmten Thema noch Fragen habt oder spezielle Anliegen besprechen m\u00f6chtet, k\u00f6nnt ihr diese gerne im Kurs oder vorab an mich richten. Ich gehe gerne auf eure individuellen Bed\u00fcrfnisse ein und baue sie in den Kurs ein, damit ihr euch rundum gut vorbereitet f\u00fchlt. Und all eure Fragen beantwortet werden.<\/p>\n\n\n\n<p class=\"has-primary-color has-text-color has-link-color wp-elements-eae54d76b6657852e4b3dbb2dc4330f4\"><strong>Gruppen- oder Einzelsetting \u2013 Ihr habt die Wahl<\/strong><br>Ob ihr den Austausch mit anderen werdenden Eltern in einem Gruppenkurs bevorzugt oder eine pers\u00f6nliche, individuelle Betreuung im Einzelsetting w\u00fcnscht \u2013 ich biete euch beide Optionen an, damit ihr den f\u00fcr euch passenden Rahmen findet.<br><br><strong>Handouts:<\/strong><\/p>\n\n\n\n<div class=\"wp-block-file\"><a id=\"wp-block-file--media-e8311f82-4cf5-4ce8-a061-b5ad3748047c\" href=\"https:\/\/hebamme-jelena.at\/wp-content\/uploads\/2024\/08\/9-matchings-1983.pdf\">9-matchings-1983<\/a><a href=\"https:\/\/hebamme-jelena.at\/wp-content\/uploads\/2024\/08\/9-matchings-1983.pdf\" class=\"wp-block-file__button wp-element-button\" download aria-describedby=\"wp-block-file--media-e8311f82-4cf5-4ce8-a061-b5ad3748047c\">Herunterladen<\/a><\/div>\n","protected":false},"excerpt":{"rendered":"<p>Moxen Moxen: Unterst\u00fctzung bei der Korrektur der Kindslage Moxen ist eine traditionelle Methode aus der chinesischen Medizin, die seit Jahrhunderten zur F\u00f6rderung des Wohlbefindens und zur Behandlung verschiedener Beschwerden eingesetzt wird. Bei dieser Technik wird getrocknetes Beifu\u00dfkraut (Moxa) \u00fcber Akupunkturpunkten erw\u00e4rmt, um den Energiefluss im K\u00f6rper zu stimulieren und Heilungsprozesse zu unterst\u00fctzen. In der Schwangerschaft [&hellip;]<\/p>\n","protected":false},"author":1,"featured_media":0,"parent":0,"menu_order":0,"comment_status":"closed","ping_status":"closed","template":"","meta":{"footnotes":""},"class_list":["post-174","page","type-page","status-publish","hentry"],"acf":[],"_links":{"self":[{"href":"https:\/\/hebamme-jelena.at\/index.php?rest_route=\/wp\/v2\/pages\/174","targetHints":{"allow":["GET"]}}],"collection":[{"href":"https:\/\/hebamme-jelena.at\/index.php?rest_route=\/wp\/v2\/pages"}],"about":[{"href":"https:\/\/hebamme-jelena.at\/index.php?rest_route=\/wp\/v2\/types\/page"}],"author":[{"embeddable":true,"href":"https:\/\/hebamme-jelena.at\/index.php?rest_route=\/wp\/v2\/users\/1"}],"replies":[{"embeddable":true,"href":"https:\/\/hebamme-jelena.at\/index.php?rest_route=%2Fwp%2Fv2%2Fcomments&post=174"}],"version-history":[{"count":1,"href":"https:\/\/hebamme-jelena.at\/index.php?rest_route=\/wp\/v2\/pages\/174\/revisions"}],"predecessor-version":[{"id":175,"href":"https:\/\/hebamme-jelena.at\/index.php?rest_route=\/wp\/v2\/pages\/174\/revisions\/175"}],"wp:attachment":[{"href":"https:\/\/hebamme-jelena.at\/index.php?rest_route=%2Fwp%2Fv2%2Fmedia&parent=174"}],"curies":[{"name":"wp","href":"https:\/\/api.w.org\/{rel}","templated":true}]}}